{"id":2949,"date":"2025-08-04T17:31:28","date_gmt":"2025-08-04T21:31:28","guid":{"rendered":"https:\/\/challepro.com\/?post_type=product&#038;p=2949"},"modified":"2025-08-04T18:10:17","modified_gmt":"2025-08-04T22:10:17","slug":"libra","status":"publish","type":"product","link":"https:\/\/challepro.com\/en\/product\/libra\/","title":{"rendered":"Libra"},"content":{"rendered":"<p>Libra<br \/>\nLibert\u00e9 et flexibilit\u00e9 sont les atouts ind\u00e9niables du Libra. Il se plie aux souhaits des r\u00e9sidents et du personnel soignant jusque dans les moindres d\u00e9tails. Il offre confort et protection aux personnes n\u00e9cessitant des soins et les encourage \u00e0 \u00eatre mobiles. Notre syst\u00e8me Vario Safe en option, qui permet d\u2019installer sans outil les syst\u00e8mes de protection et les panneaux, y contribue grandement. Avec le lit double Libra partner, les couples peuvent d\u00e9cider de passer la nuit ensemble ou s\u00e9par\u00e9ment.<\/p>\n<div class=\"ast-oembed-container\" style=\"height: 100%;\"><iframe title=\"Libra | Lit de soins | Film produit | Stiegelmeyer\" width=\"500\" height=\"281\" src=\"https:\/\/www.youtube.com\/embed\/Iv9dNpv2MqU?feature=oembed\" frameborder=\"0\" allow=\"accelerometer; autoplay; clipboard-write; encrypted-media; gyroscope; picture-in-picture; web-share\" referrerpolicy=\"strict-origin-when-cross-origin\" allowfullscreen><\/iframe><\/div>","protected":false},"excerpt":{"rendered":"<p>SYST\u00c8ME MODULAIRE \u2013 avec sa multitude de syst\u00e8mes de protection, ch\u00e2ssis, panneaux et d\u00e9cors au choix, le Libra r\u00e9pond \u00e0 toutes les exigences tout en conservant son caract\u00e8re \u00e9l\u00e9gant, cosy.<\/p>\n<p>\u00c0 LA BONNE HAUTEUR \u2013 avec sa plage de r\u00e9glage d\u2019env. 25 \u00e0 80 cm, le Libra prot\u00e8ge le r\u00e9sident des chutes, facilite le travail du personnel soignant et, gr\u00e2ce \u00e0 sa fonction 3 arr\u00eats, il s\u2019arr\u00eate toujours \u00e0 la position id\u00e9ale individuelle pour une mont\u00e9e et une descente ergonomique.<\/p>\n<p>UN CONFORT D\u2019H\u00d4TEL \u2013 avec le sommier r\u00e9glable jusqu\u2019\u00e0 la position assise, dormir, lire ou manger se transforment en pur plaisir.<\/p>\n<p>VARIO SAFE &#8211; Le meilleur syst\u00e8me pour les lits de soins adaptables.<\/p>","protected":false},"featured_media":2941,"template":"","meta":{"site-sidebar-layout":"default","site-content-layout":"","ast-site-content-layout":"default","site-content-style":"default","site-sidebar-style":"default","ast-global-header-display":"","ast-banner-title-visibility":"","ast-main-header-display":"","ast-hfb-above-header-display":"","ast-hfb-below-header-display":"","ast-hfb-mobile-header-display":"","site-post-title":"","ast-breadcrumbs-content":"","ast-featured-img":"","footer-sml-layout":"","ast-disable-related-posts":"","theme-transparent-header-meta":"default","adv-header-id-meta":"","stick-header-meta":"","header-above-stick-meta":"","header-main-stick-meta":"","header-below-stick-meta":"","astra-migrate-meta-layouts":"set","ast-page-background-enabled":"default","ast-page-background-meta":{"desktop":{"background-color":"","background-image":"","background-repeat":"repeat","background-position":"center center","background-size":"auto","background-attachment":"scroll","background-type":"","background-media":"","overlay-type":"","overlay-color":"","overlay-opacity":"","overlay-gradient":""},"tablet":{"background-color":"","background-image":"","background-repeat":"repeat","background-position":"center center","background-size":"auto","background-attachment":"scroll","background-type":"","background-media":"","overlay-type":"","overlay-color":"","overlay-opacity":"","overlay-gradient":""},"mobile":{"background-color":"","background-image":"","background-repeat":"repeat","background-position":"center center","background-size":"auto","background-attachment":"scroll","background-type":"","background-media":"","overlay-type":"","overlay-color":"","overlay-opacity":"","overlay-gradient":""}},"ast-content-background-meta":{"desktop":{"background-color":"var(--ast-global-color-5)","background-image":"","background-repeat":"repeat","background-position":"center center","background-size":"auto","background-attachment":"scroll","background-type":"","background-media":"","overlay-type":"","overlay-color":"","overlay-opacity":"","overlay-gradient":""},"tablet":{"background-color":"var(--ast-global-color-5)","background-image":"","background-repeat":"repeat","background-position":"center center","background-size":"auto","background-attachment":"scroll","background-type":"","background-media":"","overlay-type":"","overlay-color":"","overlay-opacity":"","overlay-gradient":""},"mobile":{"background-color":"var(--ast-global-color-5)","background-image":"","background-repeat":"repeat","background-position":"center center","background-size":"auto","background-attachment":"scroll","background-type":"","background-media":"","overlay-type":"","overlay-color":"","overlay-opacity":"","overlay-gradient":""}}},"product_brand":[],"product_cat":[25,32,36],"product_tag":[],"class_list":{"0":"post-2949","1":"product","2":"type-product","3":"status-publish","4":"has-post-thumbnail","6":"product_cat-all-equipment","7":"product_cat-medical-furniture-equipment","8":"product_cat-patient-bed","9":"desktop-align-left","10":"tablet-align-left","11":"mobile-align-left","13":"first","14":"instock","15":"shipping-taxable","16":"product-type-simple"},"_links":{"self":[{"href":"https:\/\/challepro.com\/en\/wp-json\/wp\/v2\/product\/2949","targetHints":{"allow":["GET"]}}],"collection":[{"href":"https:\/\/challepro.com\/en\/wp-json\/wp\/v2\/product"}],"about":[{"href":"https:\/\/challepro.com\/en\/wp-json\/wp\/v2\/types\/product"}],"version-history":[{"count":5,"href":"https:\/\/challepro.com\/en\/wp-json\/wp\/v2\/product\/2949\/revisions"}],"predecessor-version":[{"id":2961,"href":"https:\/\/challepro.com\/en\/wp-json\/wp\/v2\/product\/2949\/revisions\/2961"}],"wp:featuredmedia":[{"embeddable":true,"href":"https:\/\/challepro.com\/en\/wp-json\/wp\/v2\/media\/2941"}],"wp:attachment":[{"href":"https:\/\/challepro.com\/en\/wp-json\/wp\/v2\/media?parent=2949"}],"wp:term":[{"taxonomy":"product_brand","embeddable":true,"href":"https:\/\/challepro.com\/en\/wp-json\/wp\/v2\/product_brand?post=2949"},{"taxonomy":"product_cat","embeddable":true,"href":"https:\/\/challepro.com\/en\/wp-json\/wp\/v2\/product_cat?post=2949"},{"taxonomy":"product_tag","embeddable":true,"href":"https:\/\/challepro.com\/en\/wp-json\/wp\/v2\/product_tag?post=2949"}],"curies":[{"name":"wp","href":"https:\/\/api.w.org\/{rel}","templated":true}]}}